{"id":2294,"date":"2023-03-27T13:37:06","date_gmt":"2023-03-27T13:37:06","guid":{"rendered":"https:\/\/laurasanchezpsicologa.com\/mas-sobre-cookies\/"},"modified":"2023-03-27T13:59:17","modified_gmt":"2023-03-27T13:59:17","slug":"mas-sobre-cookies","status":"publish","type":"page","link":"https:\/\/laurasanchezpsicologa.com\/en\/mas-sobre-cookies\/","title":{"rendered":"M\u00e1s sobre cookies"},"content":{"rendered":"\t\t<div data-elementor-type=\"wp-page\" data-elementor-id=\"2294\" class=\"elementor elementor-2294 elementor-2257\" data-elementor-post-type=\"page\">\n\t\t\t\t\t\t<section class=\"elementor-section elementor-top-section elementor-element elementor-element-f4d2663 elementor-section-boxed elementor-section-height-default elementor-section-height-default\" data-id=\"f4d2663\" data-element_type=\"section\" data-e-type=\"section\">\n\t\t\t\t\t\t<div class=\"elementor-container elementor-column-gap-default\">\n\t\t\t\t\t<div class=\"elementor-column elementor-col-100 elementor-top-column elementor-element elementor-element-449174e\" data-id=\"449174e\" data-element_type=\"column\" data-e-type=\"column\">\n\t\t\t<div class=\"elementor-widget-wrap elementor-element-populated\">\n\t\t\t\t\t\t<div class=\"elementor-element elementor-element-e1cfaa5 elementor-widget elementor-widget-text-editor\" data-id=\"e1cfaa5\" data-element_type=\"widget\" data-e-type=\"widget\" data-widget_type=\"text-editor.default\">\n\t\t\t\t<div class=\"elementor-widget-container\">\n\t\t\t\t\t\t\t\t\t<h3>\u00bfQu\u00e9 es una cookie?<\/h3>\n<p>Una&nbsp;<em>cookie<\/em>&nbsp;es un fichero de texto&nbsp;<b>inofensivo<\/b>&nbsp;que se almacena en su navegador cuando visita casi cualquier p\u00e1gina web. La utilidad de la&nbsp;<em>cookie<\/em>&nbsp;es que la web sea capaz de recordar su visita cuando vuelva a navegar por esa p\u00e1gina. Aunque mucha gente no lo sabe las&nbsp;<em>cookies<\/em>&nbsp;se llevan utilizando desde hace 20 a\u00f1os, cuando aparecieron los primeros navegadores para la World Wide Web.<\/p>\n<h3>\u00bfQu\u00e9 NO ES una cookie?<\/h3>\n<p>No es un virus, ni un troyano, ni un gusano, ni spam, ni spyware, ni abre ventanas pop-up.<\/p>\n<h3>\u00bfQu\u00e9 informaci\u00f3n almacena una&nbsp;<em>cookie<\/em>?<\/h3>\n<p>Las&nbsp;<em>cookies<\/em>&nbsp;no suelen almacenar informaci\u00f3n sensible sobre usted, como tarjetas de cr\u00e9dito o datos bancarios, fotograf\u00edas, su DNI o informaci\u00f3n personal, etc. Los datos que guardan son de car\u00e1cter t\u00e9cnico, preferencias personales, personalizaci\u00f3n de contenidos, etc.<\/p>\n<p>El servidor web no le asocia a usted como persona si no a su navegador web. De hecho, si usted navega habitualmente con Internet Explorer y prueba a navegar por la misma web con Firefox o Chrome ver\u00e1 que la web no se da cuenta que es usted la misma persona porque en realidad est\u00e1 asociando al navegador, no a la persona.<\/p>\n<h3>\u00bfQu\u00e9 tipo de&nbsp;<em>cookies<\/em>&nbsp;existen?<\/h3>\n<ul>\n<li><em>Cookies<\/em>&nbsp;t\u00e9cnicas: Son las m\u00e1s elementales y permiten, entre otras cosas, saber cu\u00e1ndo est\u00e1 navegando un humano o una aplicaci\u00f3n automatizada, cu\u00e1ndo navega un usuario an\u00f3nimo y uno registrado, tareas b\u00e1sicas para el funcionamiento de cualquier web din\u00e1mica.<\/li>\n<li><em>Cookies<\/em>&nbsp;de an\u00e1lisis: Recogen informaci\u00f3n sobre el tipo de navegaci\u00f3n que est\u00e1 realizando, las secciones que m\u00e1s utiliza, productos consultados, franja horaria de uso, idioma, etc.<\/li>\n<li><em>Cookies<\/em>&nbsp;publicitarias: Muestran publicidad en funci\u00f3n de su navegaci\u00f3n, su pa\u00eds de procedencia, idioma, etc.<\/li>\n<\/ul>\n<h3>\u00bfQu\u00e9 son las&nbsp;<em>cookies<\/em>&nbsp;propias y las de terceros?<\/h3>\n<p>Las&nbsp;<em>cookies propias<\/em>&nbsp;son las generadas por la p\u00e1gina que est\u00e1 visitando y las&nbsp;<em>de terceros<\/em>&nbsp;son las generadas por servicios o proveedores externos como Facebook, Twitter, Google, etc.<\/p>\n<h3>\u00bfQu\u00e9 ocurre si desactivo las&nbsp;<em>cookies<\/em>?<\/h3>\n<p>Para que entienda el alcance que puede tener desactivar las&nbsp;<em>cookies<\/em>&nbsp;le mostramos unos ejemplos:<\/p>\n<ul>\n<li>No podr\u00e1 compartir contenidos de esa web en Facebook, Twitter o cualquier otra red social.<\/li>\n<li>El sitio web no podr\u00e1 adaptar los contenidos a sus preferencias personales, como suele ocurrir en las tiendas online.<\/li>\n<li>No podr\u00e1 acceder al \u00e1rea personal de esa web, como por ejemplo&nbsp;<em>Mi cuenta<\/em>, o&nbsp;<em>Mi perfil<\/em>&nbsp;o&nbsp;<em>Mis pedidos<\/em>.<\/li>\n<li>Tiendas online: Le ser\u00e1 imposible realizar compras online, tendr\u00e1n que ser telef\u00f3nicas o visitando la tienda f\u00edsica si es que dispone de ella.<\/li>\n<li>No ser\u00e1 posible personalizar sus preferencias geogr\u00e1ficas como franja horaria, divisa o idioma.<\/li>\n<li>El sitio web no podr\u00e1 realizar anal\u00edticas web sobre visitantes y tr\u00e1fico en la web, lo que dificultar\u00e1 que la web sea competitiva.<\/li>\n<li>No podr\u00e1 escribir en el blog, no podr\u00e1 subir fotos, publicar comentarios, valorar o puntuar contenidos. La web tampoco podr\u00e1 saber si usted es un humano o una aplicaci\u00f3n automatizada que publica&nbsp;<em>spam<\/em>.<\/li>\n<li>No se podr\u00e1 mostrar publicidad sectorizada, lo que reducir\u00e1 los ingresos publicitarios de la web.<\/li>\n<li>Todas las redes sociales usan&nbsp;<em>cookies<\/em>, si las desactiva no podr\u00e1 utilizar ninguna red social.<\/li>\n<\/ul>\n<h3>\u00bfSe pueden eliminar las&nbsp;<em>cookies<\/em>?<\/h3>\n<p>S\u00ed. No s\u00f3lo eliminar, tambi\u00e9n bloquear, de forma general o particular para un dominio espec\u00edfico.<\/p>\n<p>Para eliminar las&nbsp;<em>cookies<\/em>&nbsp;de un sitio web debe ir a la configuraci\u00f3n de su navegador y all\u00ed podr\u00e1 buscar las asociadas al dominio en cuesti\u00f3n y proceder a su eliminaci\u00f3n.<\/p>\n<h3>Configuraci\u00f3n de&nbsp;<em>cookies<\/em>&nbsp;para los navegadores m\u00e1s polulares<\/h3>\n<p>A continuaci\u00f3n le indicamos c\u00f3mo acceder a una&nbsp;<em>cookie<\/em>&nbsp;determinada del navegador&nbsp;<b>Chrome<\/b>. Nota: estos pasos pueden variar en funci\u00f3n de la versi\u00f3n del navegador:<\/p>\n<ol>\n<li>Vaya a Configuraci\u00f3n o Preferencias mediante el men\u00fa Archivo o bien pinchando el icono de personalizaci\u00f3n que aparece arriba a la derecha.<\/li>\n<li>Ver\u00e1 diferentes secciones, pinche la opci\u00f3n&nbsp;<em>Mostrar opciones avanzadas<\/em>.<\/li>\n<li>Vaya a&nbsp;<em>Privacidad<\/em>,&nbsp;<em>Configuraci\u00f3n de contenido<\/em>.<\/li>\n<li>Seleccione&nbsp;<em>Todas las&nbsp;cookies&nbsp;y los datos de sitios<\/em>.<\/li>\n<li>Aparecer\u00e1 un listado con todas las&nbsp;<em>cookies<\/em>&nbsp;ordenadas por dominio. Para que le sea m\u00e1s f\u00e1cil encontrar las&nbsp;<em>cookies<\/em>&nbsp;de un determinado dominio introduzca parcial o totalmente la direcci\u00f3n en el campo&nbsp;<em>Buscar cookies<\/em>.<\/li>\n<li>Tras realizar este filtro aparecer\u00e1n en pantalla una o varias l\u00edneas con las&nbsp;<em>cookies<\/em>&nbsp;de la web solicitada. Ahora s\u00f3lo tiene que seleccionarla y pulsar la&nbsp;<em>X<\/em>&nbsp;para proceder a su eliminaci\u00f3n.<\/li>\n<\/ol>\n<p>Para acceder a la configuraci\u00f3n de&nbsp;<em>cookies<\/em>&nbsp;del navegador&nbsp;<b>Internet Explorer<\/b>&nbsp;siga estos pasos (pueden variar en funci\u00f3n de la versi\u00f3n del navegador):<\/p>\n<ol>\n<li>Vaya a&nbsp;<em>Herramientas<\/em>,&nbsp;<em>Opciones de Internet<\/em><\/li>\n<li>Haga click en&nbsp;<em>Privacidad<\/em>.<\/li>\n<li>Mueva el deslizador hasta ajustar el nivel de privacidad que desee.<\/li>\n<\/ol>\n<p>Para acceder a la configuraci\u00f3n de&nbsp;<em>cookies<\/em>&nbsp;del navegador&nbsp;<b>Firefox<\/b>&nbsp;siga estos pasos (pueden variar en funci\u00f3n de la versi\u00f3n del navegador):<\/p>\n<ol>\n<li>Vaya a&nbsp;<em>Opciones<\/em>&nbsp;o&nbsp;<em>Preferencias<\/em>&nbsp;seg\u00fan su sistema operativo.<\/li>\n<li>Haga click en&nbsp;<em>Privacidad<\/em>.<\/li>\n<li>En&nbsp;<em>Historial<\/em>&nbsp;elija&nbsp;<em>Usar una configuraci\u00f3n personalizada para el historial<\/em>.<\/li>\n<li>Ahora ver\u00e1 la opci\u00f3n&nbsp;<em>Aceptar cookies<\/em>, puede activarla o desactivarla seg\u00fan sus preferencias.<\/li>\n<\/ol>\n<p>Para acceder a la configuraci\u00f3n de&nbsp;<em>cookies<\/em>&nbsp;del navegador&nbsp;<b>Safari para OSX<\/b>&nbsp;siga estos pasos (pueden variar en funci\u00f3n de la versi\u00f3n del navegador):<\/p>\n<ol>\n<li>Vaya a&nbsp;<em>Preferencias<\/em>, luego&nbsp;<em>Privacidad<\/em>.<\/li>\n<li>En este lugar ver\u00e1 la opci\u00f3n&nbsp;<em>Bloquear cookies<\/em>&nbsp;para que ajuste el tipo de bloqueo que desea realizar.<\/li>\n<\/ol>\n<p>Para acceder a la configuraci\u00f3n de&nbsp;<em>cookies<\/em>&nbsp;del navegador&nbsp;<b>Safari para iOS<\/b>&nbsp;siga estos pasos (pueden variar en funci\u00f3n de la versi\u00f3n del navegador):<\/p>\n<ol>\n<li>Vaya a&nbsp;<em>Ajustes<\/em>, luego&nbsp;<em>Safari<\/em>.<\/li>\n<li>Vaya a&nbsp;<em>Privacidad y Seguridad<\/em>, ver\u00e1 la opci\u00f3n&nbsp;<em>Bloquear cookies<\/em>&nbsp;para que ajuste el tipo de bloqueo que desea realizar.<\/li>\n<\/ol>\n<p>Para acceder a la configuraci\u00f3n de&nbsp;<em>cookies<\/em>&nbsp;del navegador para dispositivos&nbsp;<b>Android<\/b>&nbsp;siga estos pasos (pueden variar en funci\u00f3n de la versi\u00f3n del navegador):<\/p>\n<ol>\n<li>Ejecute el navegador y pulse la tecla&nbsp;<em>Men\u00fa<\/em>, luego&nbsp;<em>Ajustes<\/em>.<\/li>\n<li>Vaya a&nbsp;<em>Seguridad y Privacidad<\/em>, ver\u00e1 la opci\u00f3n&nbsp;<em>Aceptar cookies<\/em>&nbsp;para que active o desactive la casilla.<\/li>\n<\/ol>\n<p>Para acceder a la configuraci\u00f3n de&nbsp;<em>cookies<\/em>&nbsp;del navegador para dispositivos&nbsp;<b>Windows Phone<\/b>&nbsp;siga estos pasos (pueden variar en funci\u00f3n de la versi\u00f3n del navegador):<\/p>\n<ol>\n<li>Abra&nbsp;<em>Internet Explorer<\/em>, luego&nbsp;<em>M\u00e1s<\/em>, luego&nbsp;<em>Configuraci\u00f3n<\/em><\/li>\n<li>Ahora puede activar o desactivar la casilla&nbsp;<em>Permitir cookies<\/em>.&nbsp;<\/li>\n<\/ol>\t\t\t\t\t\t\t\t<\/div>\n\t\t\t\t<\/div>\n\t\t\t\t\t<\/div>\n\t\t<\/div>\n\t\t\t\t\t<\/div>\n\t\t<\/section>\n\t\t\t\t<\/div>\n\t\t","protected":false},"excerpt":{"rendered":"<p>\u00bfQu\u00e9 es una cookie? Una&nbsp;cookie&nbsp;es un fichero de texto&nbsp;inofensivo&nbsp;que se almacena en su navegador cuando visita casi cualquier p\u00e1gina web. La utilidad de la&nbsp;cookie&nbsp;es que la web sea capaz de recordar su visita cuando vuelva a navegar por esa p\u00e1gina. Aunque mucha gente no lo sabe las&nbsp;cookies&nbsp;se llevan utilizando desde hace 20 a\u00f1os, cuando aparecieron [&hellip;]<\/p>\n","protected":false},"author":2,"featured_media":0,"parent":0,"menu_order":0,"comment_status":"closed","ping_status":"closed","template":"elementor_theme","meta":{"site-sidebar-layout":"no-sidebar","site-content-layout":"plain-container","ast-site-content-layout":"normal-width-container","site-content-style":"unboxed","site-sidebar-style":"unboxed","ast-global-header-display":"","ast-banner-title-visibility":"","ast-main-header-display":"","ast-hfb-above-header-display":"","ast-hfb-below-header-display":"","ast-hfb-mobile-header-display":"","site-post-title":"","ast-breadcrumbs-content":"","ast-featured-img":"","footer-sml-layout":"","theme-transparent-header-meta":"","adv-header-id-meta":"","stick-header-meta":"","header-above-stick-meta":"","header-main-stick-meta":"","header-below-stick-meta":"","astra-migrate-meta-layouts":"default","ast-page-background-enabled":"default","ast-page-background-meta":{"desktop":{"background-color":"","background-image":"","background-repeat":"repeat","background-position":"center center","background-size":"auto","background-attachment":"scroll","background-type":"","background-media":"","overlay-type":"","overlay-color":"","overlay-opacity":"","overlay-gradient":""},"tablet":{"background-color":"","background-image":"","background-repeat":"repeat","background-position":"center center","background-size":"auto","background-attachment":"scroll","background-type":"","background-media":"","overlay-type":"","overlay-color":"","overlay-opacity":"","overlay-gradient":""},"mobile":{"background-color":"","background-image":"","background-repeat":"repeat","background-position":"center center","background-size":"auto","background-attachment":"scroll","background-type":"","background-media":"","overlay-type":"","overlay-color":"","overlay-opacity":"","overlay-gradient":""}},"ast-content-background-meta":{"desktop":{"background-color":"var(--ast-global-color-5)","background-image":"","background-repeat":"repeat","background-position":"center center","background-size":"auto","background-attachment":"scroll","background-type":"","background-media":"","overlay-type":"","overlay-color":"","overlay-opacity":"","overlay-gradient":""},"tablet":{"background-color":"var(--ast-global-color-5)","background-image":"","background-repeat":"repeat","background-position":"center center","background-size":"auto","background-attachment":"scroll","background-type":"","background-media":"","overlay-type":"","overlay-color":"","overlay-opacity":"","overlay-gradient":""},"mobile":{"background-color":"var(--ast-global-color-5)","background-image":"","background-repeat":"repeat","background-position":"center center","background-size":"auto","background-attachment":"scroll","background-type":"","background-media":"","overlay-type":"","overlay-color":"","overlay-opacity":"","overlay-gradient":""}},"footnotes":""},"class_list":["post-2294","page","type-page","status-publish","hentry"],"yoast_head":"<!-- This site is optimized with the Yoast SEO plugin v27.3 - https:\/\/yoast.com\/product\/yoast-seo-wordpress\/ -->\n<title>M\u00e1s sobre cookies - Laura S\u00e1nchez psic\u00f3loga<\/title>\n<meta name=\"robots\" content=\"index, follow, max-snippet:-1, max-image-preview:large, max-video-preview:-1\" \/>\n<link rel=\"canonical\" href=\"https:\/\/laurasanchezpsicologa.com\/en\/mas-sobre-cookies\/\" \/>\n<meta property=\"og:locale\" content=\"en_US\" \/>\n<meta property=\"og:type\" content=\"article\" \/>\n<meta property=\"og:title\" content=\"M\u00e1s sobre cookies - Laura S\u00e1nchez psic\u00f3loga\" \/>\n<meta property=\"og:description\" content=\"\u00bfQu\u00e9 es una cookie? Una&nbsp;cookie&nbsp;es un fichero de texto&nbsp;inofensivo&nbsp;que se almacena en su navegador cuando visita casi cualquier p\u00e1gina web. La utilidad de la&nbsp;cookie&nbsp;es que la web sea capaz de recordar su visita cuando vuelva a navegar por esa p\u00e1gina. Aunque mucha gente no lo sabe las&nbsp;cookies&nbsp;se llevan utilizando desde hace 20 a\u00f1os, cuando aparecieron [&hellip;]\" \/>\n<meta property=\"og:url\" content=\"https:\/\/laurasanchezpsicologa.com\/en\/mas-sobre-cookies\/\" \/>\n<meta property=\"og:site_name\" content=\"Laura S\u00e1nchez psic\u00f3loga\" \/>\n<meta property=\"article:modified_time\" content=\"2023-03-27T13:59:17+00:00\" \/>\n<meta name=\"twitter:card\" content=\"summary_large_image\" \/>\n<meta name=\"twitter:label1\" content=\"Est. reading time\" \/>\n\t<meta name=\"twitter:data1\" content=\"6 minutes\" \/>\n<script type=\"application\/ld+json\" class=\"yoast-schema-graph\">{\"@context\":\"https:\\\/\\\/schema.org\",\"@graph\":[{\"@type\":\"WebPage\",\"@id\":\"https:\\\/\\\/laurasanchezpsicologa.com\\\/en\\\/mas-sobre-cookies\\\/\",\"url\":\"https:\\\/\\\/laurasanchezpsicologa.com\\\/en\\\/mas-sobre-cookies\\\/\",\"name\":\"M\u00e1s sobre cookies - Laura S\u00e1nchez psic\u00f3loga\",\"isPartOf\":{\"@id\":\"https:\\\/\\\/laurasanchezpsicologa.com\\\/#website\"},\"datePublished\":\"2023-03-27T13:37:06+00:00\",\"dateModified\":\"2023-03-27T13:59:17+00:00\",\"breadcrumb\":{\"@id\":\"https:\\\/\\\/laurasanchezpsicologa.com\\\/en\\\/mas-sobre-cookies\\\/#breadcrumb\"},\"inLanguage\":\"en-US\",\"potentialAction\":[{\"@type\":\"ReadAction\",\"target\":[\"https:\\\/\\\/laurasanchezpsicologa.com\\\/en\\\/mas-sobre-cookies\\\/\"]}]},{\"@type\":\"BreadcrumbList\",\"@id\":\"https:\\\/\\\/laurasanchezpsicologa.com\\\/en\\\/mas-sobre-cookies\\\/#breadcrumb\",\"itemListElement\":[{\"@type\":\"ListItem\",\"position\":1,\"name\":\"Portada\",\"item\":\"https:\\\/\\\/laurasanchezpsicologa.com\\\/\"},{\"@type\":\"ListItem\",\"position\":2,\"name\":\"M\u00e1s sobre cookies\"}]},{\"@type\":\"WebSite\",\"@id\":\"https:\\\/\\\/laurasanchezpsicologa.com\\\/#website\",\"url\":\"https:\\\/\\\/laurasanchezpsicologa.com\\\/\",\"name\":\"Laura S\u00e1nchez psic\u00f3loga\",\"description\":\"\",\"publisher\":{\"@id\":\"https:\\\/\\\/laurasanchezpsicologa.com\\\/#organization\"},\"potentialAction\":[{\"@type\":\"SearchAction\",\"target\":{\"@type\":\"EntryPoint\",\"urlTemplate\":\"https:\\\/\\\/laurasanchezpsicologa.com\\\/?s={search_term_string}\"},\"query-input\":{\"@type\":\"PropertyValueSpecification\",\"valueRequired\":true,\"valueName\":\"search_term_string\"}}],\"inLanguage\":\"en-US\"},{\"@type\":\"Organization\",\"@id\":\"https:\\\/\\\/laurasanchezpsicologa.com\\\/#organization\",\"name\":\"Laura S\u00e1nchez psic\u00f3loga\",\"url\":\"https:\\\/\\\/laurasanchezpsicologa.com\\\/\",\"logo\":{\"@type\":\"ImageObject\",\"inLanguage\":\"en-US\",\"@id\":\"https:\\\/\\\/laurasanchezpsicologa.com\\\/#\\\/schema\\\/logo\\\/image\\\/\",\"url\":\"https:\\\/\\\/laurasanchezpsicologa.com\\\/wp-content\\\/uploads\\\/2023\\\/03\\\/logo-square.png\",\"contentUrl\":\"https:\\\/\\\/laurasanchezpsicologa.com\\\/wp-content\\\/uploads\\\/2023\\\/03\\\/logo-square.png\",\"width\":297,\"height\":217,\"caption\":\"Laura S\u00e1nchez psic\u00f3loga\"},\"image\":{\"@id\":\"https:\\\/\\\/laurasanchezpsicologa.com\\\/#\\\/schema\\\/logo\\\/image\\\/\"}}]}<\/script>\n<!-- \/ Yoast SEO plugin. -->","yoast_head_json":{"title":"M\u00e1s sobre cookies - Laura S\u00e1nchez psic\u00f3loga","robots":{"index":"index","follow":"follow","max-snippet":"max-snippet:-1","max-image-preview":"max-image-preview:large","max-video-preview":"max-video-preview:-1"},"canonical":"https:\/\/laurasanchezpsicologa.com\/en\/mas-sobre-cookies\/","og_locale":"en_US","og_type":"article","og_title":"M\u00e1s sobre cookies - Laura S\u00e1nchez psic\u00f3loga","og_description":"\u00bfQu\u00e9 es una cookie? Una&nbsp;cookie&nbsp;es un fichero de texto&nbsp;inofensivo&nbsp;que se almacena en su navegador cuando visita casi cualquier p\u00e1gina web. La utilidad de la&nbsp;cookie&nbsp;es que la web sea capaz de recordar su visita cuando vuelva a navegar por esa p\u00e1gina. Aunque mucha gente no lo sabe las&nbsp;cookies&nbsp;se llevan utilizando desde hace 20 a\u00f1os, cuando aparecieron [&hellip;]","og_url":"https:\/\/laurasanchezpsicologa.com\/en\/mas-sobre-cookies\/","og_site_name":"Laura S\u00e1nchez psic\u00f3loga","article_modified_time":"2023-03-27T13:59:17+00:00","twitter_card":"summary_large_image","twitter_misc":{"Est. reading time":"6 minutes"},"schema":{"@context":"https:\/\/schema.org","@graph":[{"@type":"WebPage","@id":"https:\/\/laurasanchezpsicologa.com\/en\/mas-sobre-cookies\/","url":"https:\/\/laurasanchezpsicologa.com\/en\/mas-sobre-cookies\/","name":"M\u00e1s sobre cookies - Laura S\u00e1nchez psic\u00f3loga","isPartOf":{"@id":"https:\/\/laurasanchezpsicologa.com\/#website"},"datePublished":"2023-03-27T13:37:06+00:00","dateModified":"2023-03-27T13:59:17+00:00","breadcrumb":{"@id":"https:\/\/laurasanchezpsicologa.com\/en\/mas-sobre-cookies\/#breadcrumb"},"inLanguage":"en-US","potentialAction":[{"@type":"ReadAction","target":["https:\/\/laurasanchezpsicologa.com\/en\/mas-sobre-cookies\/"]}]},{"@type":"BreadcrumbList","@id":"https:\/\/laurasanchezpsicologa.com\/en\/mas-sobre-cookies\/#breadcrumb","itemListElement":[{"@type":"ListItem","position":1,"name":"Portada","item":"https:\/\/laurasanchezpsicologa.com\/"},{"@type":"ListItem","position":2,"name":"M\u00e1s sobre cookies"}]},{"@type":"WebSite","@id":"https:\/\/laurasanchezpsicologa.com\/#website","url":"https:\/\/laurasanchezpsicologa.com\/","name":"Laura S\u00e1nchez psic\u00f3loga","description":"","publisher":{"@id":"https:\/\/laurasanchezpsicologa.com\/#organization"},"potentialAction":[{"@type":"SearchAction","target":{"@type":"EntryPoint","urlTemplate":"https:\/\/laurasanchezpsicologa.com\/?s={search_term_string}"},"query-input":{"@type":"PropertyValueSpecification","valueRequired":true,"valueName":"search_term_string"}}],"inLanguage":"en-US"},{"@type":"Organization","@id":"https:\/\/laurasanchezpsicologa.com\/#organization","name":"Laura S\u00e1nchez psic\u00f3loga","url":"https:\/\/laurasanchezpsicologa.com\/","logo":{"@type":"ImageObject","inLanguage":"en-US","@id":"https:\/\/laurasanchezpsicologa.com\/#\/schema\/logo\/image\/","url":"https:\/\/laurasanchezpsicologa.com\/wp-content\/uploads\/2023\/03\/logo-square.png","contentUrl":"https:\/\/laurasanchezpsicologa.com\/wp-content\/uploads\/2023\/03\/logo-square.png","width":297,"height":217,"caption":"Laura S\u00e1nchez psic\u00f3loga"},"image":{"@id":"https:\/\/laurasanchezpsicologa.com\/#\/schema\/logo\/image\/"}}]}},"_links":{"self":[{"href":"https:\/\/laurasanchezpsicologa.com\/en\/wp-json\/wp\/v2\/pages\/2294","targetHints":{"allow":["GET"]}}],"collection":[{"href":"https:\/\/laurasanchezpsicologa.com\/en\/wp-json\/wp\/v2\/pages"}],"about":[{"href":"https:\/\/laurasanchezpsicologa.com\/en\/wp-json\/wp\/v2\/types\/page"}],"author":[{"embeddable":true,"href":"https:\/\/laurasanchezpsicologa.com\/en\/wp-json\/wp\/v2\/users\/2"}],"replies":[{"embeddable":true,"href":"https:\/\/laurasanchezpsicologa.com\/en\/wp-json\/wp\/v2\/comments?post=2294"}],"version-history":[{"count":1,"href":"https:\/\/laurasanchezpsicologa.com\/en\/wp-json\/wp\/v2\/pages\/2294\/revisions"}],"predecessor-version":[{"id":2295,"href":"https:\/\/laurasanchezpsicologa.com\/en\/wp-json\/wp\/v2\/pages\/2294\/revisions\/2295"}],"wp:attachment":[{"href":"https:\/\/laurasanchezpsicologa.com\/en\/wp-json\/wp\/v2\/media?parent=2294"}],"curies":[{"name":"wp","href":"https:\/\/api.w.org\/{rel}","templated":true}]}}